{"id":162,"date":"2020-06-05T16:47:33","date_gmt":"2020-06-05T16:47:33","guid":{"rendered":"https:\/\/carvipas.webs.upv.es\/?page_id=162"},"modified":"2020-06-05T17:08:15","modified_gmt":"2020-06-05T17:08:15","slug":"courses","status":"publish","type":"page","link":"https:\/\/carvipas.webs.upv.es\/index.php\/main\/courses\/","title":{"rendered":"Courses"},"content":{"rendered":"\n<p><\/p>\n\n\n\n<h2 class=\"wp-block-heading\">Universitat Polit\u00e8cnica de Valencia<\/h2>\n\n\n\n<h4 class=\"wp-block-heading\">2019\/2020 Curso Acad\u00e9mico<\/h4>\n\n\n<h3><a href=\"http:\/\/www.upv.es\/titulaciones\/MUII\/menu_1014870c.html\" target=\"_blank\" rel=\"noreferrer noopener\" aria-label=\"T\u00e9cnicas Avanzadas de Fabricaci\u00f3n (opens in a new tab)\" data-rich-text-format-boundary=\"true\">M\u00e1ster Universitario en Ingenier\u00eda Industrial<\/a><\/h3>\n<h4><a href=\"https:\/\/gdocu.upv.es\/alfresco\/service\/api\/internal\/shared\/node\/content\/9fovCWqRSrG_th0vrRdTsQ?a=true.pdf\" target=\"_blank\" rel=\"noreferrer noopener\" aria-label=\"Tecnicas (opens in a new tab)\">T\u00e9cnicas avanzadas de Fabricaci\u00f3n<\/a><\/h4>\n<h3><a href=\"http:\/\/www.upv.es\/titulaciones\/MUII\/menu_1014870c.html\" target=\"_blank\" rel=\"noreferrer noopener\" aria-label=\"T\u00e9cnicas Avanzadas de Fabricaci\u00f3n (opens in a new tab)\" data-rich-text-format-boundary=\"true\">Grado\u00a0 Universitario en Ingenier\u00eda Aeroespacial<\/a><\/h3>\n<h4><a href=\"https:\/\/gdocu.upv.es\/alfresco\/service\/api\/internal\/shared\/node\/content\/9fovCWqRSrG_th0vrRdTsQ?a=true.pdf\" target=\"_blank\" rel=\"noreferrer noopener\" aria-label=\"Tecnicas (opens in a new tab)\">Fabricaci\u00f3n Aeroespacial<\/a><\/h4>\n<h3><a href=\"http:\/\/www.upv.es\/titulaciones\/MUII\/menu_1014870c.html\" target=\"_blank\" rel=\"noreferrer noopener\" aria-label=\"T\u00e9cnicas Avanzadas de Fabricaci\u00f3n (opens in a new tab)\" data-rich-text-format-boundary=\"true\">M\u00e1ster Universitario en Ingenier\u00eda Mec\u00e1nica<\/a><\/h3>\n<h4><a href=\"https:\/\/gdocu.upv.es\/alfresco\/service\/api\/internal\/shared\/node\/content\/9fovCWqRSrG_th0vrRdTsQ?a=true.pdf\" target=\"_blank\" rel=\"noreferrer noopener\" aria-label=\"Tecnicas (opens in a new tab)\">Simulaci\u00f3n de Procesos de Fabricaci\u00f3n<\/a><\/h4>\n<h4><a href=\"https:\/\/gdocu.upv.es\/alfresco\/service\/api\/internal\/shared\/node\/content\/9fovCWqRSrG_th0vrRdTsQ?a=true.pdf\" target=\"_blank\" rel=\"noreferrer noopener\" aria-label=\"Tecnicas (opens in a new tab)\">CAD y Normalizaci\u00f3n<\/a><\/h4>\n<h3><a href=\"http:\/\/www.upv.es\/titulaciones\/MUII\/menu_1014870c.html\" target=\"_blank\" rel=\"noreferrer noopener\" aria-label=\"T\u00e9cnicas Avanzadas de Fabricaci\u00f3n (opens in a new tab)\" data-rich-text-format-boundary=\"true\">M\u00e1ster Universitario en Ingenier\u00eda Mec\u00e1nica<\/a><\/h3>\n<h4><a href=\"https:\/\/gdocu.upv.es\/alfresco\/service\/api\/internal\/shared\/node\/content\/9fovCWqRSrG_th0vrRdTsQ?a=true.pdf\" target=\"_blank\" rel=\"noreferrer noopener\" aria-label=\"Tecnicas (opens in a new tab)\">Ciclo de Vida del Producto<\/a><\/h4>\n\n\n<p><\/p>\n\n\n\n<p><\/p>\n\n\n\n<p><strong>2014\/2015 Current Academic Year<\/strong><\/p>\n\n\n\n<p><strong><a href=\"http:\/\/e-ujier.uji.es\/pls\/www\/!gri_ass.lleu_asignatura_g?p_titulacion=222&amp;p_asignatura=EM1039\" rel=\"noreferrer noopener\" target=\"_blank\">Manufacturing Process Planning<\/a><br><\/strong>Lecture complete held in English<\/p>\n\n\n\n<blockquote class=\"wp-block-quote is-layout-flow wp-block-quote-is-layout-flow\"><p><strong><em>Keywords<\/em><\/strong>:<br><em>Product Design and Development, Materials&nbsp;and Processes Selection,&nbsp;Manufacturing&nbsp;Process Planning<\/em><br>6 ECTS credits (150 hours)<\/p><p><em>Bachelor Degree in Mechanical Engineering<br><\/em>7<sup>th<\/sup>&nbsp;Semester<br>School of Technology and Experimental Sciences<br>Jaume I University &nbsp;(Castell\u00f3n, Spain)<\/p><\/blockquote>\n\n\n\n<p><strong>Collaborative Development<br><\/strong>Lecture complete held in Spanish<\/p>\n\n\n\n<blockquote class=\"wp-block-quote is-layout-flow wp-block-quote-is-layout-flow\"><p><strong><em>Keywords<\/em><\/strong>:<br><em>Concurrent Engineering, Product Design and Development, Collaborative Manufacturing, Product Lifecycle Management<\/em><br>3 ECTS credits (75 hours)<\/p><\/blockquote>\n\n\n\n<blockquote class=\"wp-block-quote is-layout-flow wp-block-quote-is-layout-flow\"><p><em>Master Degree in Mechanical Engineering<br><\/em>2<sup>nd<\/sup>&nbsp;Semester<br>School of Technology and Experimental Sciences<br>Jaume I University &nbsp;(Castell\u00f3n, Spain)<\/p><\/blockquote>\n\n\n\n<p><strong>Metallic Materials Manufacturing (Conformado de Materiales Met\u00e1licos)<br><\/strong>Lecture complete held in Spanish<\/p>\n\n\n\n<blockquote class=\"wp-block-quote is-layout-flow wp-block-quote-is-layout-flow\"><p><strong><em>Keywords<\/em><\/strong>:<br><em>Concurrent Engineering, Product Design and Development, Collaborative Manufacturing, Product Lifecycle Management<\/em><br>3 ECTS credits (75 hours)<\/p><\/blockquote>\n\n\n\n<p><em>Master Degree in Mechanical Engineering<br><\/em>1<sup>st<\/sup>&nbsp;Semester<br>School of Technology and Experimental Sciences<br>Jaume I University &nbsp;(Castell\u00f3n, Spain)<\/p>\n\n\n\n<p><strong>Selecci\u00f3n de Materiales y Procesos<\/strong><\/p>\n\n\n\n<p><em>M\u00e1ster Universitario en Dise\u00f1o y Fabricaci\u00f3n<\/em><\/p>\n\n\n\n<p>Escuela Superior de Tecnolog\u00eda y Ciencias Experimentales<\/p>\n\n\n\n<p>Universitat Jaume I (Castell\u00f3n)&nbsp;&nbsp;&nbsp;&nbsp;&nbsp;&nbsp;&nbsp;&nbsp;&nbsp;3 cr\u00e9ditos ECTS<\/p>\n\n\n\n<p><strong>Dise\u00f1o para Fabricaci\u00f3n I.<\/strong><\/p>\n\n\n\n<p><em>Grado en Ingenier\u00eda de Dise\u00f1o y Desarrollo de Producto<\/em><\/p>\n\n\n\n<p>Escuela Superior de Tecnolog\u00eda y Ciencias Experimentales<\/p>\n\n\n\n<p>Universitat Jaume I (Castell\u00f3n)&nbsp;&nbsp;&nbsp;&nbsp;&nbsp;&nbsp;&nbsp;&nbsp;&nbsp;6 cr\u00e9ditos<\/p>\n\n\n\n<p>4 Te\u00f3ricos<\/p>\n\n\n\n<p><strong>Previous Academic Courses<\/strong><\/p>\n\n\n\n<p><strong>Tecnolog\u00eda de Fabricaci\u00f3n<\/strong><\/p>\n\n\n\n<p><em>Ingenier\u00eda Industrial<\/em><\/p>\n\n\n\n<p>Escuela Superior de Tecnolog\u00eda y Ciencias Experimentales<\/p>\n\n\n\n<p>Universitat Jaume I (Castell\u00f3n)&nbsp;&nbsp;&nbsp;&nbsp;&nbsp;&nbsp;&nbsp;&nbsp;&nbsp;6 cr\u00e9ditos<\/p>\n\n\n\n<p>4,5 Te\u00f3ricos<\/p>\n\n\n\n<p>1,5 Laboratorio<\/p>\n\n\n\n<p><strong>Fabricaci\u00f3n Integrada<\/strong><\/p>\n\n\n\n<p><em>Ingenier\u00eda Industrial<\/em><\/p>\n\n\n\n<p>Escuela Superior de Tecnolog\u00eda y Ciencias Experimentales<\/p>\n\n\n\n<p>Universitat Jaume I (Castell\u00f3n)&nbsp;&nbsp;&nbsp;&nbsp;&nbsp;&nbsp;&nbsp;&nbsp;&nbsp;6 cr\u00e9ditos<\/p>\n\n\n\n<p>3 Te\u00f3ricos<\/p>\n\n\n\n<p>3 Laboratorio<\/p>\n\n\n\n<p><strong>Fabricaci\u00f3n Asistida por Ordenador<\/strong><\/p>\n\n\n\n<p><em>M\u00e1ster en Dise\u00f1o y Fabricaci\u00f3n<\/em><\/p>\n\n\n\n<p>Escuela Superior de Tecnolog\u00eda y Ciencias Experimentales<\/p>\n\n\n\n<p>Universitat Jaume I (Castell\u00f3n)&nbsp;&nbsp;&nbsp;&nbsp;&nbsp;&nbsp;&nbsp;&nbsp;&nbsp;3 cr\u00e9ditos ECTS<\/p>\n\n\n\n<p><strong>Fundamentos del Mantenimiento<\/strong><\/p>\n\n\n\n<p><em>Ingenier\u00eda T\u00e9cnica Industrial<\/em><\/p>\n\n\n\n<p>Escuela Superior de Tecnolog\u00eda y Ciencias Experimentales<\/p>\n\n\n\n<p>Universitat Jaume I (Castell\u00f3n)&nbsp;&nbsp;&nbsp;&nbsp;&nbsp;&nbsp;&nbsp;&nbsp;&nbsp;6 cr\u00e9ditos<\/p>\n\n\n\n<p>4,5 Te\u00f3ricos<\/p>\n\n\n\n<p>1,5 Laboratorio<\/p>\n\n\n\n<p><strong>1997\/1998<\/strong>&nbsp; &nbsp; &nbsp; &nbsp;&nbsp;<\/p>\n\n\n\n<p><strong>Tecnolog\u00eda de Fabricaci\u00f3n<\/strong><\/p>\n\n\n\n<p><em>Ingenier\u00eda Industrial<\/em><\/p>\n\n\n\n<p>Escuela Superior de Tecnolog\u00eda y Ciencias Experimentales<\/p>\n\n\n\n<p>Universitat Jaume I (Castell\u00f3n)&nbsp;&nbsp;&nbsp;&nbsp;&nbsp;&nbsp;&nbsp;&nbsp;&nbsp;6 cr\u00e9ditos<\/p>\n\n\n\n<p>4,5 Te\u00f3ricos<\/p>\n\n\n\n<p>1,5 Laboratorio<\/p>\n\n\n\n<p><strong>1996\/1997<\/strong><\/p>\n\n\n\n<p><strong>Tecnolog\u00eda Mec\u00e1nica<\/strong><\/p>\n\n\n\n<p><em>Ingenier\u00eda Industrial<\/em><\/p>\n\n\n\n<p>Escuela Superior de Tecnolog\u00eda y Ciencias Experimentales<\/p>\n\n\n\n<p>Universitat Jaume I (Castell\u00f3n)&nbsp;&nbsp;&nbsp;&nbsp;&nbsp;&nbsp;&nbsp;&nbsp;&nbsp;6 cr\u00e9ditos<\/p>\n\n\n\n<p>4,5 Te\u00f3ricos<\/p>\n\n\n\n<p>1,5 Laboratorio<\/p>\n\n\n\n<p><strong>Fabricaci\u00f3n Asistida por Ordenador<\/strong><\/p>\n\n\n\n<p><em>Ingenier\u00eda T\u00e9cnica en Dise\u00f1o Industrial<\/em><\/p>\n\n\n\n<p>Escuela Superior de Tecnolog\u00eda y Ciencias Experimentales<\/p>\n\n\n\n<p>Universitat Jaume I (Castell\u00f3n)&nbsp;&nbsp;&nbsp;&nbsp;&nbsp;&nbsp;&nbsp;&nbsp;&nbsp;4,5 cr\u00e9ditos<\/p>\n\n\n\n<p>3 Te\u00f3ricos<\/p>\n\n\n\n<p>1,5 Laboratorio<\/p>\n\n\n\n<p><strong>Mecanizaci\u00f3n de Procesos<\/strong><\/p>\n\n\n\n<p><em>Ingenier\u00eda T\u00e9cnica en Dise\u00f1o Industrial<\/em><\/p>\n\n\n\n<p>Escuela Superior de Tecnolog\u00eda y Ciencias Experimentales<\/p>\n\n\n\n<p>Universitat Jaume I (Castell\u00f3n)&nbsp;&nbsp;&nbsp;&nbsp;&nbsp;&nbsp;&nbsp;&nbsp;&nbsp;4,5 cr\u00e9ditos<\/p>\n\n\n\n<p>3 Te\u00f3ricos<\/p>\n\n\n\n<p>1,5 Laboratorio<\/p>\n\n\n\n<p><strong>Procesos Industriales<\/strong><\/p>\n\n\n\n<p><em>Ingenier\u00eda T\u00e9cnica en Dise\u00f1o Industrial<\/em><\/p>\n\n\n\n<p>Escuela Superior de Tecnolog\u00eda y Ciencias Experimentales<\/p>\n\n\n\n<p>Universitat Jaume I (Castell\u00f3n)&nbsp;&nbsp;&nbsp;&nbsp;&nbsp;&nbsp;&nbsp;&nbsp;&nbsp;5 cr\u00e9ditos<\/p>\n\n\n\n<p>1 Te\u00f3ricos<\/p>\n\n\n\n<p>4 Laboratorio<\/p>\n","protected":false},"excerpt":{"rendered":"<p>Universitat Polit\u00e8cnica de Valencia 2019\/2020 Curso Acad\u00e9mico M\u00e1ster Universitario en Ingenier\u00eda Industrial T\u00e9cnicas avanzadas de Fabricaci\u00f3n Grado\u00a0 Universitario en Ingenier\u00eda Aeroespacial Fabricaci\u00f3n Aeroespacial M\u00e1ster Universitario en Ingenier\u00eda Mec\u00e1nica Simulaci\u00f3n de Procesos de Fabricaci\u00f3n CAD y Normalizaci\u00f3n M\u00e1ster Universitario en Ingenier\u00eda Mec\u00e1nica Ciclo de Vida del Producto 2014\/2015 Current Academic Year Manufacturing Process PlanningLecture complete held &#8230; <a title=\"Courses\" class=\"read-more\" href=\"https:\/\/carvipas.webs.upv.es\/index.php\/main\/courses\/\" aria-label=\"Read more about Courses\">Read more<\/a><\/p>\n","protected":false},"author":1,"featured_media":0,"parent":94,"menu_order":4,"comment_status":"closed","ping_status":"closed","template":"","meta":{"footnotes":""},"class_list":["post-162","page","type-page","status-publish"],"_links":{"self":[{"href":"https:\/\/carvipas.webs.upv.es\/index.php\/wp-json\/wp\/v2\/pages\/162","targetHints":{"allow":["GET"]}}],"collection":[{"href":"https:\/\/carvipas.webs.upv.es\/index.php\/wp-json\/wp\/v2\/pages"}],"about":[{"href":"https:\/\/carvipas.webs.upv.es\/index.php\/wp-json\/wp\/v2\/types\/page"}],"author":[{"embeddable":true,"href":"https:\/\/carvipas.webs.upv.es\/index.php\/wp-json\/wp\/v2\/users\/1"}],"replies":[{"embeddable":true,"href":"https:\/\/carvipas.webs.upv.es\/index.php\/wp-json\/wp\/v2\/comments?post=162"}],"version-history":[{"count":4,"href":"https:\/\/carvipas.webs.upv.es\/index.php\/wp-json\/wp\/v2\/pages\/162\/revisions"}],"predecessor-version":[{"id":177,"href":"https:\/\/carvipas.webs.upv.es\/index.php\/wp-json\/wp\/v2\/pages\/162\/revisions\/177"}],"up":[{"embeddable":true,"href":"https:\/\/carvipas.webs.upv.es\/index.php\/wp-json\/wp\/v2\/pages\/94"}],"wp:attachment":[{"href":"https:\/\/carvipas.webs.upv.es\/index.php\/wp-json\/wp\/v2\/media?parent=162"}],"curies":[{"name":"wp","href":"https:\/\/api.w.org\/{rel}","templated":true}]}}