{"id":17,"date":"2019-07-28T07:02:54","date_gmt":"2019-07-28T07:02:54","guid":{"rendered":"https:\/\/carvipas.webs.upv.es\/?page_id=17"},"modified":"2020-08-30T08:35:01","modified_gmt":"2020-08-30T08:35:01","slug":"inicio","status":"publish","type":"page","link":"https:\/\/carvipas.webs.upv.es\/index.php\/inicio\/","title":{"rendered":"Inicio"},"content":{"rendered":"\n<p><em>Carlos Vila<\/em><\/p>\n\n\n\n<p>Profesor de Ingenier\u00eda de Dise\u00f1o y Fabricaci\u00f3n<br>Departamento de Ingenier\u00eda Mec\u00e1nica y de Materiales<br>Escuela T\u00e9cnica Superior de Ingenieros Industriales<br>Universitat Polit\u00e8cnica de Val\u00e8ncia<\/p>\n\n\n\n<p><\/p>\n\n\n<p><iframe frameborder=\"0\" scrolling=\"no\" marginheight=\"0\" marginwidth=\"0\" src=\"https:\/\/maps.google.com\/maps?q=Universidad%20Polit%C3%A9cnica%20de%20Valencia&amp;t=m&amp;z=15&amp;output=embed&amp;iwloc=near\" aria-label=\"Universidad Polit\u00e9cnica de Valencia\"><\/iframe><\/p>","protected":false},"excerpt":{"rendered":"<p>Carlos Vila Profesor de Ingenier\u00eda de Dise\u00f1o y Fabricaci\u00f3nDepartamento de Ingenier\u00eda Mec\u00e1nica y de MaterialesEscuela T\u00e9cnica Superior de Ingenieros IndustrialesUniversitat Polit\u00e8cnica de Val\u00e8ncia<\/p>\n","protected":false},"author":1,"featured_media":0,"parent":0,"menu_order":0,"comment_status":"closed","ping_status":"closed","template":"","meta":{"footnotes":""},"class_list":["post-17","page","type-page","status-publish"],"_links":{"self":[{"href":"https:\/\/carvipas.webs.upv.es\/index.php\/wp-json\/wp\/v2\/pages\/17","targetHints":{"allow":["GET"]}}],"collection":[{"href":"https:\/\/carvipas.webs.upv.es\/index.php\/wp-json\/wp\/v2\/pages"}],"about":[{"href":"https:\/\/carvipas.webs.upv.es\/index.php\/wp-json\/wp\/v2\/types\/page"}],"author":[{"embeddable":true,"href":"https:\/\/carvipas.webs.upv.es\/index.php\/wp-json\/wp\/v2\/users\/1"}],"replies":[{"embeddable":true,"href":"https:\/\/carvipas.webs.upv.es\/index.php\/wp-json\/wp\/v2\/comments?post=17"}],"version-history":[{"count":12,"href":"https:\/\/carvipas.webs.upv.es\/index.php\/wp-json\/wp\/v2\/pages\/17\/revisions"}],"predecessor-version":[{"id":394,"href":"https:\/\/carvipas.webs.upv.es\/index.php\/wp-json\/wp\/v2\/pages\/17\/revisions\/394"}],"wp:attachment":[{"href":"https:\/\/carvipas.webs.upv.es\/index.php\/wp-json\/wp\/v2\/media?parent=17"}],"curies":[{"name":"wp","href":"https:\/\/api.w.org\/{rel}","templated":true}]}}