{"id":28,"date":"2019-07-28T07:11:48","date_gmt":"2019-07-28T07:11:48","guid":{"rendered":"https:\/\/carvipas.webs.upv.es\/?page_id=28"},"modified":"2020-08-30T20:25:10","modified_gmt":"2020-08-30T20:25:10","slug":"investigacion","status":"publish","type":"page","link":"https:\/\/carvipas.webs.upv.es\/index.php\/inicio\/investigacion\/","title":{"rendered":"Investigaci\u00f3n"},"content":{"rendered":"\n<h2 class=\"has-text-color wp-block-heading\" style=\"color:#0071a1\"><strong><span style=\"color:#134155\" class=\"has-inline-color\">2020<\/span><\/strong><\/h2>\n\n\n\n<h3 class=\"wp-block-heading\"><strong>Fabricaci\u00f3n Sostenible<\/strong><\/h3>\n\n\n\n<div class=\"wp-block-media-text alignwide is-stacked-on-mobile is-vertically-aligned-top is-image-fill\" style=\"grid-template-columns:48% auto\"><figure class=\"wp-block-media-text__media\" style=\"background-image:url(https:\/\/carvipas.webs.upv.es\/wp-content\/uploads\/2020\/06\/GreenPLM14_Fig01-1024x542.png);background-position:50% 50%\"><img fetchpriority=\"high\" decoding=\"async\" width=\"1024\" height=\"542\" src=\"https:\/\/carvipas.webs.upv.es\/wp-content\/uploads\/2020\/06\/GreenPLM14_Fig01-1024x542.png\" alt=\"\" class=\"wp-image-231\" srcset=\"https:\/\/carvipas.webs.upv.es\/wp-content\/uploads\/2020\/06\/GreenPLM14_Fig01-1024x542.png 1024w, https:\/\/carvipas.webs.upv.es\/wp-content\/uploads\/2020\/06\/GreenPLM14_Fig01-300x159.png 300w, https:\/\/carvipas.webs.upv.es\/wp-content\/uploads\/2020\/06\/GreenPLM14_Fig01-768x407.png 768w, https:\/\/carvipas.webs.upv.es\/wp-content\/uploads\/2020\/06\/GreenPLM14_Fig01.png 1075w\" sizes=\"(max-width: 1024px) 100vw, 1024px\" \/><\/figure><div class=\"wp-block-media-text__content\">\n<p class=\"has-large-font-size\">Indicadore<\/p>\n<\/div><\/div>\n\n\n\n<h3 class=\"wp-block-heading\"><strong>Fabricaci\u00f3n Digital e Industria 5.0<\/strong><\/h3>\n\n\n\n<div class=\"wp-block-media-text alignwide is-stacked-on-mobile is-vertically-aligned-top is-image-fill\" style=\"grid-template-columns:33% auto\"><figure class=\"wp-block-media-text__media\" style=\"background-image:url(https:\/\/carvipas.webs.upv.es\/wp-content\/uploads\/2019\/07\/hsc-slider-unten01.jpg);background-position:50% 50%\"><img decoding=\"async\" width=\"540\" height=\"400\" src=\"https:\/\/carvipas.webs.upv.es\/wp-content\/uploads\/2019\/07\/hsc-slider-unten01.jpg\" alt=\"\" class=\"wp-image-52\" srcset=\"https:\/\/carvipas.webs.upv.es\/wp-content\/uploads\/2019\/07\/hsc-slider-unten01.jpg 540w, https:\/\/carvipas.webs.upv.es\/wp-content\/uploads\/2019\/07\/hsc-slider-unten01-300x222.jpg 300w\" sizes=\"(max-width: 540px) 100vw, 540px\" \/><\/figure><div class=\"wp-block-media-text__content\">\n<p class=\"has-large-font-size\">simulaci\u00f3n<br>r\u00e9plicas Digitales<\/p>\n<\/div><\/div>\n\n\n\n<h3 class=\"wp-block-heading\"><strong>Fabricaci\u00f3n Avanzada<\/strong><\/h3>\n\n\n\n<div class=\"wp-block-media-text alignwide is-stacked-on-mobile is-vertically-aligned-top is-image-fill\" style=\"grid-template-columns:36% auto\"><figure class=\"wp-block-media-text__media\" style=\"background-image:url(https:\/\/carvipas.webs.upv.es\/wp-content\/uploads\/2020\/08\/trumpf-additive-manufacturing-featured-1024x482.jpg);background-position:50% 50%\"><img decoding=\"async\" width=\"1024\" height=\"482\" src=\"https:\/\/carvipas.webs.upv.es\/wp-content\/uploads\/2020\/08\/trumpf-additive-manufacturing-featured-1024x482.jpg\" alt=\"\" class=\"wp-image-402\" srcset=\"https:\/\/carvipas.webs.upv.es\/wp-content\/uploads\/2020\/08\/trumpf-additive-manufacturing-featured-1024x482.jpg 1024w, https:\/\/carvipas.webs.upv.es\/wp-content\/uploads\/2020\/08\/trumpf-additive-manufacturing-featured-300x141.jpg 300w, https:\/\/carvipas.webs.upv.es\/wp-content\/uploads\/2020\/08\/trumpf-additive-manufacturing-featured-768x362.jpg 768w, https:\/\/carvipas.webs.upv.es\/wp-content\/uploads\/2020\/08\/trumpf-additive-manufacturing-featured.jpg 1440w\" sizes=\"(max-width: 1024px) 100vw, 1024px\" \/><\/figure><div class=\"wp-block-media-text__content\">\n<p class=\"has-large-font-size\">Ciclo de Vida<\/p>\n<\/div><\/div>\n\n\n\n<p>Selecci\u00f3n de Materiales y Procesos<\/p>\n\n\n\n<h3 class=\"wp-block-heading\"><strong>Ciclo de Vida del Producto<\/strong><\/h3>\n\n\n\n<div class=\"wp-block-media-text alignwide is-stacked-on-mobile is-vertically-aligned-top is-image-fill\" style=\"grid-template-columns:33% auto\"><figure class=\"wp-block-media-text__media\" style=\"background-image:url(https:\/\/carvipas.webs.upv.es\/wp-content\/uploads\/2020\/06\/Ciclo-de-vida_3F-1024x1024.png);background-position:50% 50%\"><img loading=\"lazy\" decoding=\"async\" width=\"1024\" height=\"1024\" src=\"https:\/\/carvipas.webs.upv.es\/wp-content\/uploads\/2020\/06\/Ciclo-de-vida_3F-1024x1024.png\" alt=\"\" class=\"wp-image-213\" srcset=\"https:\/\/carvipas.webs.upv.es\/wp-content\/uploads\/2020\/06\/Ciclo-de-vida_3F-1024x1024.png 1024w, https:\/\/carvipas.webs.upv.es\/wp-content\/uploads\/2020\/06\/Ciclo-de-vida_3F-300x300.png 300w, https:\/\/carvipas.webs.upv.es\/wp-content\/uploads\/2020\/06\/Ciclo-de-vida_3F-150x150.png 150w, https:\/\/carvipas.webs.upv.es\/wp-content\/uploads\/2020\/06\/Ciclo-de-vida_3F-768x768.png 768w, https:\/\/carvipas.webs.upv.es\/wp-content\/uploads\/2020\/06\/Ciclo-de-vida_3F-1536x1536.png 1536w, https:\/\/carvipas.webs.upv.es\/wp-content\/uploads\/2020\/06\/Ciclo-de-vida_3F.png 1653w\" sizes=\"(max-width: 1024px) 100vw, 1024px\" \/><\/figure><div class=\"wp-block-media-text__content\">\n<p class=\"has-large-font-size\">Ciclo de Vida<\/p>\n<\/div><\/div>\n\n\n\n<h2 class=\"has-text-color wp-block-heading\" style=\"color:#0071a1\"><strong><span style=\"color:#090b4c\" class=\"has-inline-color\">Relaci\u00f3n de Proyectos de Investigaci\u00f3n Realizados<\/span><\/strong><\/h2>\n\n\n\n<p><br><em><strong>Equipamiento para los laboratorios del Departamento de Ingenier\u00eda de Sistemas Industriales y Dise\u00f1o.<\/strong><\/em>&nbsp;UNJM10-3E-1237.<br>Entidad financiadora: Ministerio de Ciencia e Innovaci\u00f3n.<br>Entidades participantes: Universitat Jaume I.<br>Duraci\u00f3n, desde: 01 Enero 2010 hasta: 31 Diciembre 2012 Cuant\u00eda de la subvenci\u00f3n: 70.000 \u20ac<br>Investigador responsable: Carlos Vila Pastor.<br>N\u00famero de investigadores participantes: 8<br><br><strong><em>Metodolog\u00eda de Implantaci\u00f3n de herramientas PLM para PYMES del sector metalmec\u00e1nico de la Comunidad Valenciana<\/em><\/strong>. P1-1B2009-37<br>Entidad financiadora: Universitat Jaume I.<br>Entidades participantes: Universitat Jaume I<br>Duraci\u00f3n, desde: 01 Enero 2010 hasta: 31 Diciembre 2012 Cuant\u00eda de la subvenci\u00f3n: 31.300 \u20ac<br>Investigador responsable: Carlos Vila Pastor.<br>N\u00famero de investigadores participantes: 6<br><br><strong><em>Red Valenciana de Investigaci\u00f3n Vinculada.<\/em><\/strong>&nbsp;REVIV. ARVIV<br>Entidad financiadora: Generalitat Valenciana.<br>Entidades participantes: Universitat Jaume I, INSCA, Macer<br>Duraci\u00f3n, desde: 01 Enero 2008 hasta: 31 Diciembre 2008 Cuant\u00eda de la subvenci\u00f3n: 10.000 \u20ac<br>Investigador responsable: Carlos Vila Pastor.<br>N\u00famero de investigadores participantes: 6<br><br><strong><em>ITEI (Information Technologies Supporting The Execution Of Innovation Projects).<\/em><\/strong>&nbsp;08I255.01\/1<br>Entidad financiadora: Ministerio de Industria y Energ\u00eda.<br>Entidades participantes: Universitat Jaume I, otras 5 universidades<br>Duraci\u00f3n, desde: 01 Enero 2008 hasta: 31 Diciembre 2008 Cuant\u00eda de la subvenci\u00f3n: 35.325 \u20ac<br>Investigador responsable: Jos\u00e9 Antonio Heredia.<br>N\u00famero de investigadores participantes: 4<br><br><strong><em>La planificaci\u00f3n de procesos como elemento vertebrador de la concurrencia y la integraci\u00f3n en redes de ingenier\u00eda y fabricaci\u00f3n colaborativa (CoAPP).<\/em><\/strong><br>Entidad financiadora: Ministerio de Ciencia y Tecnolog\u00eda.<br>Entidades participantes: Universitat Jaume I, Universitat Polit\u00e9cnica de Valencia<br>Duraci\u00f3n, desde: Junio 2007 hasta: Junio 2010 Cuant\u00eda de la subvenci\u00f3n: 12.000\u20ac<br>Investigador responsable: Fernando Romero Subir\u00f3n.<br>N\u00famero de investigadores participantes: 7<br><br><em><strong>Red Valenciana de Investigaci\u00f3n Vinculada. REVIV.<\/strong><\/em><br>Entidad financiadora: Generalitat Valenciana.<br>Entidades participantes: Universitat Jaume I<br>Duraci\u00f3n, desde: 01 Enero 2007 hasta: 31 Diciembre 2007 Cuant\u00eda de la subvenci\u00f3n: 6.000 \u20ac<br>Investigador responsable: Carlos Vila Pastor.<br>N\u00famero de investigadores participantes: 4<br><br><strong><em>Ayuda para la contrataci\u00f3n de personal T\u00e9cnico de apoyo.<\/em><\/strong><br>Entidad financiadora: Ministerio de Ciencia y Tecnolog\u00eda.<br>Entidades participantes: Macer, Radiadores Ord\u00f3\u00f1ez.<br>Duraci\u00f3n, desde: Abril 2006 hasta: Abril 2009 Cuant\u00eda de la subvenci\u00f3n: 74.144 \u20ac<br>Investigador responsable: Carlos Vila Pastor, Fernando Romero Subir\u00f3n.<br>N\u00famero de investigadores participantes: 4<br><br><strong><em>Integraci\u00f3n de la Planificaci\u00f3n, Ejecuci\u00f3n y Control del Mecanizado a Alta Velocidad en entornos de Ingenier\u00eda Colaborativa. Aplicaci\u00f3n en la Fabricaci\u00f3n de Componentes para Moldes de Azulejos Cer\u00e1mico.<\/em><\/strong><br>Entidad financiadora: Universitat Jaume I. Fundaci\u00f3n Bancaja. Proyecto.<br>Entidades participantes: Macer<br>Duraci\u00f3n, desde: Diciembre 2004 hasta: Diciembre 2007 Cuant\u00eda de la subvenci\u00f3n: 32. 500 \u20ac<br>Investigador responsable: Carlos Vila Pastor<br>N\u00famero de investigadores participantes: 4<br><br><strong><em>La Ingenier\u00eda de Producto Colaborativa. Desarrollo de un Modelo de Informaci\u00f3n y de una Metodolog\u00eda de Implantaci\u00f3n para la Cadena de Suministro del Sector Cer\u00e1mico.<\/em><\/strong><br>Entidad financiadora: Ministerio de Ciencia y Tecnolog\u00eda. Plan Nacional de Investigaci\u00f3n Cient\u00edfica, Desarrollo e Innovaci\u00f3n Tecnol\u00f3gica 2002-2005. Proyecto DPI2002-02141.<br>Entidades participantes: Taugres, Rocersa, Macer<br>Duraci\u00f3n, desde: Diciembre 2002 hasta: Diciembre 2005 Cuant\u00eda de la subvenci\u00f3n: 97.670 \u20ac<br>Investigador responsable: Fernando Romero Subir\u00f3n<br>N\u00famero de investigadores participantes: 7<br><br><strong><em>Red Tem\u00e1tica de Docencia Iberoamericana de Ingenier\u00eda Concurrente.<\/em><\/strong><br>Entidad financiadora: Agencia Espa\u00f1ola de Cooperaci\u00f3n Internacional. Ministerio de Asuntos Exteriores.<br>Proyecto E.AL.01-02\/00412; C\/0172\/03.<br>Entidades participantes: Universidad Polit\u00e9cnica de Catalu\u00f1a, Universitat Jaume I de Castell\u00f3n, Universidad de Girona, Universidad del Norte de Barranquilla (Colombia), Universidad Oscar Lucero Moya de Holgu\u00edn (Cuba), Instituto Tecnol\u00f3gico de Estudios Superiores de Monterrey (M\u00e9xico).<br>Duraci\u00f3n, desde: Enero 2002 hasta: Diciembre 2004 Cuant\u00eda de la subvenci\u00f3n: 6.236.500 Ptas.<br>Investigador responsable: Carles Riba Romera (Universidad Polit\u00e9cnica de Catalu\u00f1a)<br>N\u00famero de investigadores participantes: 18<br><br><em><strong>Implantaci\u00f3n de Tecnolog\u00edas Avanzadas de Dise\u00f1o y Fabricaci\u00f3n en el \u00c1mbito de la Ingenier\u00eda Concurrente. Aplicaci\u00f3n a una Empresa de Componentes para Automoci\u00f3n.<\/strong><\/em><br>Entidad financiadora: Ministerio de Educaci\u00f3n y Cultura. Plan Nacional de I+D. Programa FEDER (B.O.E. de 7-7-97). Ref. 1FD97-0784, programa TAP.<br>Entidades participantes: Radiadores Ord\u00f3\u00f1ez, S.A.<br>Duraci\u00f3n, desde: Julio 1999 hasta: Mayo 2001 Cuant\u00eda de la subvenci\u00f3n: 15.620.000 Ptas.<br>Investigador responsable: Pedro P. Company Calleja<br>N\u00famero de investigadores participantes: 8<br><br><\/p>\n\n\n\n<p><strong><em>Concurrent Enterprising Network of Excellence. Information Society Technology Program<\/em><\/strong>. IST-1999-29107.<br>Entidad financiadora: Uni\u00f3n Europea. Proyectos IST<br>Entidades participantes: University of Nottingham, Universidad Jaume I y otros<br>Duraci\u00f3n, desde: Enero 2001 hasta: Diciembre 2003 Cuant\u00eda de la subvenci\u00f3n: 732.000 \u0404 (120 M Ptas.).<br>Investigador responsable: Dr. Kulwant Pawar (UoN)<br>N\u00famero de investigadores participantes: 22 Universidades y Centros de Investigaci\u00f3n Europeos<br><br><em><strong>Distribuci\u00f3n de tolerancias en conjuntos mec\u00e1nicos. De la funci\u00f3n a la fabricaci\u00f3n.<\/strong><\/em><br>Entidad financiadora: Universitat Jaume I. Fundaci\u00f3n Caixa-Castell\u00f3<br>Entidades participantes: Universitat Jaume I<br>Duraci\u00f3n, desde: Noviembre de 1.995 hasta: Octubre de 1.997 Cuant\u00eda de la subvenci\u00f3n: 3.130.000 Ptas.<br>Investigador responsable: Fernando Romero Subir\u00f3n<br>N\u00famero de investigadores participantes: 5<br><br><em><strong>Sistema Inteligente de Dise\u00f1o y Fabricaci\u00f3n Basado en Elementos Caracter\u00edsticos.<\/strong><\/em><br>Entidad financiadora: I.M.P.I.V.A (Generalitat Valenciana)<br>Entidades participantes: Universitat Jaume I, Universidad Polit\u00e9cnica de Valencia<br>Duraci\u00f3n, desde: Enero 1994 hasta: Enero 1996 Cuant\u00eda de la subvenci\u00f3n: 30.000.000 Ptas.<br>Investigador responsable: Fernando Romero Subir\u00f3n<br>N\u00famero de investigadores participantes: 8<\/p>\n","protected":false},"excerpt":{"rendered":"<p>2020 Fabricaci\u00f3n Sostenible Indicadore Fabricaci\u00f3n Digital e Industria 5.0 simulaci\u00f3nr\u00e9plicas Digitales Fabricaci\u00f3n Avanzada Ciclo de Vida Selecci\u00f3n de Materiales y Procesos Ciclo de Vida del Producto Ciclo de Vida Relaci\u00f3n de Proyectos de Investigaci\u00f3n Realizados Equipamiento para los laboratorios del Departamento de Ingenier\u00eda de Sistemas Industriales y Dise\u00f1o.&nbsp;UNJM10-3E-1237.Entidad financiadora: Ministerio de Ciencia e Innovaci\u00f3n.Entidades participantes: &#8230; <a title=\"Investigaci\u00f3n\" class=\"read-more\" href=\"https:\/\/carvipas.webs.upv.es\/index.php\/inicio\/investigacion\/\" aria-label=\"Read more about Investigaci\u00f3n\">Read more<\/a><\/p>\n","protected":false},"author":1,"featured_media":0,"parent":17,"menu_order":2,"comment_status":"closed","ping_status":"closed","template":"","meta":{"footnotes":""},"class_list":["post-28","page","type-page","status-publish"],"_links":{"self":[{"href":"https:\/\/carvipas.webs.upv.es\/index.php\/wp-json\/wp\/v2\/pages\/28","targetHints":{"allow":["GET"]}}],"collection":[{"href":"https:\/\/carvipas.webs.upv.es\/index.php\/wp-json\/wp\/v2\/pages"}],"about":[{"href":"https:\/\/carvipas.webs.upv.es\/index.php\/wp-json\/wp\/v2\/types\/page"}],"author":[{"embeddable":true,"href":"https:\/\/carvipas.webs.upv.es\/index.php\/wp-json\/wp\/v2\/users\/1"}],"replies":[{"embeddable":true,"href":"https:\/\/carvipas.webs.upv.es\/index.php\/wp-json\/wp\/v2\/comments?post=28"}],"version-history":[{"count":17,"href":"https:\/\/carvipas.webs.upv.es\/index.php\/wp-json\/wp\/v2\/pages\/28\/revisions"}],"predecessor-version":[{"id":438,"href":"https:\/\/carvipas.webs.upv.es\/index.php\/wp-json\/wp\/v2\/pages\/28\/revisions\/438"}],"up":[{"embeddable":true,"href":"https:\/\/carvipas.webs.upv.es\/index.php\/wp-json\/wp\/v2\/pages\/17"}],"wp:attachment":[{"href":"https:\/\/carvipas.webs.upv.es\/index.php\/wp-json\/wp\/v2\/media?parent=28"}],"curies":[{"name":"wp","href":"https:\/\/api.w.org\/{rel}","templated":true}]}}