{"id":30,"date":"2019-07-28T07:12:22","date_gmt":"2019-07-28T07:12:22","guid":{"rendered":"https:\/\/carvipas.webs.upv.es\/?page_id=30"},"modified":"2020-08-28T08:07:35","modified_gmt":"2020-08-28T08:07:35","slug":"docencia","status":"publish","type":"page","link":"https:\/\/carvipas.webs.upv.es\/index.php\/inicio\/docencia\/","title":{"rendered":"Docencia"},"content":{"rendered":"\n<h1 class=\"has-vivid-cyan-blue-color has-text-color wp-block-heading\"><strong>Universitat Polit\u00e8cnica de Valencia<\/strong><\/h1>\n\n\n\n<h2 class=\"wp-block-heading\"><strong>2020\/2021 Curso Acad\u00e9mico<\/strong><\/h2>\n\n\n\n<h3 class=\"wp-block-heading\"><a rel=\"noreferrer noopener\" href=\"http:\/\/www.upv.es\/titulaciones\/MUII\/menu_1014870c.html\" target=\"_blank\">M\u00e1ster Universitario en Ingenier\u00eda Industrial<\/a><\/h3>\n\n\n\n<p><strong>T\u00e9cnicas Avanzadas de Fabricaci\u00f3n<\/strong> <br>Palabras Clave:<br><em>Nuevas Tecnolog\u00edas de Fabricaci\u00f3n, Mecanizado Avanzado, Fabricaci\u00f3n Aditiva, T\u00e9cnicas especiales de Mecanizado (LASER, ultrasonidos, mecanizado qu\u00edmico),  Fabricaci\u00f3n Asistida por Ordenador, Fabricaci\u00f3n Virtual, Estimaci\u00f3n de Costes<br><\/em>4,5 cr\u00e9ditos ECTS (150 horas)<br><strong>Escuela T\u00e9cnica Superior de Ingenier\u00eda Industrial<\/strong><\/p>\n\n\n\n<h3 class=\"wp-block-heading\"><a rel=\"noreferrer noopener\" href=\"http:\/\/www.upv.es\/titulaciones\/GIA\/indexc.html\" target=\"_blank\">Grado&nbsp;Universitario en Ingenier\u00eda Aeroespacial<\/a><\/h3>\n\n\n\n<p><span class=\"has-inline-color has-vivid-cyan-blue-color\"><a rel=\"noreferrer noopener\" href=\"http:\/\/www.upv.es\/pls\/oalu\/sic_asi.Busca_Asi?p_codi=11893&amp;p_caca=2019&amp;P_IDIOMA=c&amp;P_VISTA=MSE&amp;p_tit=160\" target=\"_blank\"><strong>Fabricaci\u00f3n Aeroespacial<\/strong> <br><\/a><\/span>Palabras Clave:<br><em>Desarrollo de Aeronaves, Conformado por Moldeo, Conformado por Deformaci\u00f3n Pl\u00e1stica, Conformado por Arranque de Viruta, Conformado de Pl\u00e1sticos y Composites, Definici\u00f3n de Tolerancias, Inspecci\u00f3n Metrol\u00f3gica, Fabricaci\u00f3n Asistida por Ordenador, Fabricaci\u00f3n Virtual, Estimaci\u00f3n de Costes<br><\/em>4,5 cr\u00e9ditos ECTS (112,5 horas)<br><strong><em><span class=\"has-inline-color has-cyan-bluish-gray-color\">Escuela T\u00e9cnica Superior de Ingenier\u00eda del Dise\u00f1o<\/span><\/em><\/strong><\/p>\n\n\n\n<h3 class=\"wp-block-heading\"><a href=\"http:\/\/www.upv.es\/titulaciones\/MUIMEC\/indexc.html\" target=\"_blank\" rel=\"noreferrer noopener\">M\u00e1ster Universitario en Ingenier\u00eda Mec\u00e1nica<\/a><\/h3>\n\n\n\n<p><strong>Simulaci\u00f3n de Procesos de Fabricaci\u00f3n<\/strong> <br>Palabras Clave:<br><em><i>Desarrollo de Producto, <\/i>Fabricaci\u00f3n Virtual, Simulaci\u00f3n por Eventos Discretos, Selecci\u00f3n de Materiales y Procesos de Fabricaci\u00f3n, Planificaci\u00f3n de Procesos de Fabricaci\u00f3n, Fabricaci\u00f3n Asistida por Ordenador, Simulaci\u00f3n de Procesos de Moldeo, <em>Simulaci\u00f3n de Procesos de Deformaci\u00f3n Pl\u00e1stica<\/em><\/em>, <em><em>Simulaci\u00f3n de Procesos de<\/em> Mecanizado, Estimaci\u00f3n de Costes<br><\/em>4 cr\u00e9ditos ECTS (150 horas)<br><strong><span style=\"color:#42275b\" class=\"has-inline-color\">Departamento de Ingenier\u00eda Mec\u00e1nica y Materiales<\/span><\/strong><\/p>\n\n\n\n<p><strong>CAD y Normalizaci\u00f3n<\/strong> <br>Palabras Clave:<br><em><i>Dise\u00f1o de Producto, <\/i>Intercambio de Datos, Especificaci\u00f3n Geom\u00e9trica del Producto, An\u00e1lisis y Distribuci\u00f3n de Tolerancias<br><\/em>4 cr\u00e9ditos ECTS (150 horas)<br><strong><span style=\"color:#42275b\" class=\"has-inline-color\">Departamento de Ingenier\u00eda Mec\u00e1nica y Materiales<\/span><\/strong><\/p>\n\n\n\n<h3 class=\"wp-block-heading\"><a href=\"http:\/\/www.upv.es\/titulaciones\/MUDFIAC\/indexc.html\" target=\"_blank\" rel=\"noreferrer noopener\">M\u00e1ster Universitario en Dise\u00f1o y Fabricaci\u00f3n Integrada Asistidos por Computadora<\/a><\/h3>\n\n\n\n<p><strong>Ciclo de Vida del Producto<\/strong> <br>Palabras Clave:<br><em>Gesti\u00f3n del Ciclo de Vida del Producto, Gesti\u00f3n del Proceso de Dise\u00f1o y Desarrollo de Producto, Herramientas PLM, Ingenier\u00eda Concurrente, Fabricaci\u00f3n Colaborativa, Desarrollo de Producto, Selecci\u00f3n de Materiales y Procesos de Fabricaci\u00f3n, Planificaci\u00f3n de Procesos de Fabricaci\u00f3n, Fabricaci\u00f3n Asistida por Ordenador, Fabricaci\u00f3n Virtual, Estimaci\u00f3n de Costes<br><\/em>5 cr\u00e9ditos ECTS (125 horas)<br><em>Grado en Ingenier\u00eda Mec\u00e1nica<br><\/em>Escuela T\u00e9cnica Superior de Ingenier\u00eda del Dise\u00f1o<\/p>\n\n\n\n<hr class=\"wp-block-separator has-text-color has-background has-vivid-cyan-blue-background-color has-vivid-cyan-blue-color is-style-wide\"\/>\n\n\n\n<h2 class=\"wp-block-heading\"><strong>2019\/2020 Curso Acad\u00e9mico<\/strong><\/h2>\n\n\n\n<h3 class=\"wp-block-heading\"><a rel=\"noreferrer noopener\" href=\"http:\/\/www.upv.es\/titulaciones\/MUII\/menu_1014870c.html\" target=\"_blank\">M\u00e1ster Universitario en Ingenier\u00eda Industrial<\/a><\/h3>\n\n\n\n<p><strong>T\u00e9cnicas Avanzadas de Fabricaci\u00f3n<\/strong> <br>Palabras Clave:<br><em>Nuevas Tecnolog\u00edas de Fabricaci\u00f3n, Mecanizado Avanzado, Fabricaci\u00f3n Aditiva, T\u00e9cnicas especiales de Mecanizado (LASER, ultrasonidos, mecanizado qu\u00edmico),  Fabricaci\u00f3n Asistida por Ordenador, Fabricaci\u00f3n Virtual, Estimaci\u00f3n de Costes<br><\/em>4,5 cr\u00e9ditos ECTS (150 horas)<br><strong>Escuela T\u00e9cnica Superior de Ingenier\u00eda Industrial<\/strong><\/p>\n\n\n\n<h3 class=\"wp-block-heading\"><a rel=\"noreferrer noopener\" href=\"http:\/\/www.upv.es\/titulaciones\/GIA\/indexc.html\" target=\"_blank\">Grado&nbsp;Universitario en Ingenier\u00eda Aeroespacial<\/a><\/h3>\n\n\n\n<p><span class=\"has-inline-color has-vivid-cyan-blue-color\"><a rel=\"noreferrer noopener\" href=\"http:\/\/www.upv.es\/pls\/oalu\/sic_asi.Busca_Asi?p_codi=11893&amp;p_caca=2019&amp;P_IDIOMA=c&amp;P_VISTA=MSE&amp;p_tit=160\" target=\"_blank\"><strong>Fabricaci\u00f3n Aeroespacial<\/strong> <br><\/a><\/span>Palabras Clave:<br><em>Desarrollo de Aeronaves, Conformado por Moldeo, Conformado por Deformaci\u00f3n Pl\u00e1stica, Conformado por Arranque de Viruta, Conformado de Pl\u00e1sticos y Composites, Definici\u00f3n de Tolerancias, Inspecci\u00f3n Metrol\u00f3gica, Fabricaci\u00f3n Asistida por Ordenador, Fabricaci\u00f3n Virtual, Estimaci\u00f3n de Costes<br><\/em>4,5 cr\u00e9ditos ECTS (112,5 horas)<br><strong><em><span class=\"has-inline-color has-cyan-bluish-gray-color\">Escuela T\u00e9cnica Superior de Ingenier\u00eda del Dise\u00f1o<\/span><\/em><\/strong><\/p>\n\n\n\n<h3 class=\"wp-block-heading\"><a href=\"http:\/\/www.upv.es\/titulaciones\/MUIMEC\/indexc.html\" target=\"_blank\" rel=\"noreferrer noopener\">M\u00e1ster Universitario en Ingenier\u00eda Mec\u00e1nica<\/a><\/h3>\n\n\n\n<p><strong>Simulaci\u00f3n de Procesos de Fabricaci\u00f3n<\/strong> <br>Palabras Clave:<br><em><i>Desarrollo de Producto, <\/i>Fabricaci\u00f3n Virtual, Simulaci\u00f3n por Eventos Discretos, Selecci\u00f3n de Materiales y Procesos de Fabricaci\u00f3n, Planificaci\u00f3n de Procesos de Fabricaci\u00f3n, Fabricaci\u00f3n Asistida por Ordenador, Simulaci\u00f3n de Procesos de Moldeo, <em>Simulaci\u00f3n de Procesos de Deformaci\u00f3n Pl\u00e1stica<\/em><\/em>, <em><em>Simulaci\u00f3n de Procesos de<\/em> Mecanizado, Estimaci\u00f3n de Costes<br><\/em>4 cr\u00e9ditos ECTS (150 horas)<br><strong><span style=\"color:#42275b\" class=\"has-inline-color\">Departamento de Ingenier\u00eda Mec\u00e1nica y Materiales<\/span><\/strong><\/p>\n\n\n\n<p><strong>CAD y Normalizaci\u00f3n<\/strong> <br>Palabras Clave:<br><em><i>Dise\u00f1o de Producto, <\/i>Intercambio de Datos, Especificaci\u00f3n Geom\u00e9trica del Producto, An\u00e1lisis y Distribuci\u00f3n de Tolerancias<br><\/em>4 cr\u00e9ditos ECTS (150 horas)<br><strong><span style=\"color:#42275b\" class=\"has-inline-color\">Departamento de Ingenier\u00eda Mec\u00e1nica y Materiales<\/span><\/strong><\/p>\n\n\n\n<h3 class=\"wp-block-heading\"><a href=\"http:\/\/www.upv.es\/titulaciones\/MUDFIAC\/indexc.html\" target=\"_blank\" rel=\"noreferrer noopener\">M\u00e1ster Universitario en Dise\u00f1o y Fabricaci\u00f3n Integrada Asistidos por Computadora<\/a><\/h3>\n\n\n\n<p><strong>Ciclo de Vida del Producto<\/strong> <br>Palabras Clave:<br><em>Gesti\u00f3n del Ciclo de Vida del Producto, Gesti\u00f3n del Proceso de Dise\u00f1o y Desarrollo de Producto, Herramientas PLM, Ingenier\u00eda Concurrente, Fabricaci\u00f3n Colaborativa, Desarrollo de Producto, Selecci\u00f3n de Materiales y Procesos de Fabricaci\u00f3n, Planificaci\u00f3n de Procesos de Fabricaci\u00f3n, Fabricaci\u00f3n Asistida por Ordenador, Fabricaci\u00f3n Virtual, Estimaci\u00f3n de Costes<br><\/em>5 cr\u00e9ditos ECTS (125 horas)<br><em>Grado en Ingenier\u00eda Mec\u00e1nica<br><\/em>Escuela T\u00e9cnica Superior de Ingenier\u00eda del Dise\u00f1o<\/p>\n\n\n\n<hr class=\"wp-block-separator has-text-color has-background has-vivid-red-background-color has-vivid-red-color is-style-wide\"\/>\n\n\n\n<h2 class=\"wp-block-heading\"><strong>2018\/2019 Curso Acad\u00e9mico<\/strong><\/h2>\n\n\n\n<h3 class=\"wp-block-heading\"><a href=\"http:\/\/www.upv.es\/titulaciones\/MUDFIAC\/indexc.html\" target=\"_blank\" rel=\"noreferrer noopener\">M\u00e1ster Universitario en Dise\u00f1o y Fabricaci\u00f3n Integrada Asistidos por Computadora<\/a><\/h3>\n\n\n\n<p><strong>Ciclo de Vida del Producto<\/strong> <br>Palabras Clave:<br><em>Gesti\u00f3n del Ciclo de Vida del Producto, Gesti\u00f3n del Proceso de Dise\u00f1o y Desarrollo de Producto, Herramientas PLM, Ingenier\u00eda Concurrente, Fabricaci\u00f3n Colaborativa, Desarrollo de Producto, Selecci\u00f3n de Materiales y Procesos de Fabricaci\u00f3n, Planificaci\u00f3n de Procesos de Fabricaci\u00f3n, Fabricaci\u00f3n Asistida por Ordenador, Fabricaci\u00f3n Virtual, Estimaci\u00f3n de Costes<br><\/em>5 cr\u00e9ditos ECTS (125 horas)<br><em>Grado en Ingenier\u00eda Mec\u00e1nica<br><\/em>Escuela T\u00e9cnica Superior de Ingenier\u00eda del Dise\u00f1o<\/p>\n\n\n\n<h2 class=\"wp-block-heading\"><strong>2017\/2018 Curso Acad\u00e9mico<\/strong><\/h2>\n\n\n\n<h3 class=\"wp-block-heading\"><a href=\"http:\/\/www.upv.es\/titulaciones\/MUDFIAC\/indexc.html\" target=\"_blank\" rel=\"noreferrer noopener\">M\u00e1ster Universitario en Dise\u00f1o y Fabricaci\u00f3n Integrada Asistidos por Computadora<\/a><\/h3>\n\n\n\n<p><strong>Ciclo de Vida del Producto<\/strong> <br>Palabras Clave:<br><em>Gesti\u00f3n del Ciclo de Vida del Producto, Gesti\u00f3n del Proceso de Dise\u00f1o y Desarrollo de Producto, Herramientas PLM, Ingenier\u00eda Concurrente, Fabricaci\u00f3n Colaborativa, Desarrollo de Producto, Selecci\u00f3n de Materiales y Procesos de Fabricaci\u00f3n, Planificaci\u00f3n de Procesos de Fabricaci\u00f3n, Fabricaci\u00f3n Asistida por Ordenador, Fabricaci\u00f3n Virtual, Estimaci\u00f3n de Costes<br><\/em>5 cr\u00e9ditos ECTS (125 horas)<br><em>Grado en Ingenier\u00eda Mec\u00e1nica<br><\/em>Escuela T\u00e9cnica Superior de Ingenier\u00eda del Dise\u00f1o<\/p>\n\n\n\n<h2 class=\"wp-block-heading\"><strong>2016\/2017 Curso Acad\u00e9mico<\/strong><\/h2>\n\n\n\n<h3 class=\"wp-block-heading\"><a rel=\"noreferrer noopener\" href=\"http:\/\/www.upv.es\/titulaciones\/MUII\/menu_1014870c.html\" target=\"_blank\">M\u00e1ster Universitario en Ingenier\u00eda Industrial<\/a><\/h3>\n\n\n\n<p><strong>T\u00e9cnicas Avanzadas de Fabricaci\u00f3n<\/strong> <br>Palabras Clave:<br><em>Nuevas Tecnolog\u00edas de Fabricaci\u00f3n, Mecanizado Avanzado, Fabricaci\u00f3n Aditiva, T\u00e9cnicas especiales de Mecanizado (LASER, ultrasonidos, mecanizado qu\u00edmico),  Fabricaci\u00f3n Asistida por Ordenador, Fabricaci\u00f3n Virtual, Estimaci\u00f3n de Costes<br><\/em>4,5 cr\u00e9ditos ECTS (150 horas)<br><strong>Escuela T\u00e9cnica Superior de Ingenier\u00eda Industrial<\/strong><\/p>\n\n\n\n<h3 class=\"wp-block-heading\"><a href=\"http:\/\/www.upv.es\/titulaciones\/MUIMEC\/indexc.html\" target=\"_blank\" rel=\"noreferrer noopener\">M\u00e1ster Universitario en Ingenier\u00eda Mec\u00e1nica<\/a><\/h3>\n\n\n\n<p><strong>Simulaci\u00f3n de Procesos de Fabricaci\u00f3n<\/strong> <br>Palabras Clave:<br><em><i>Desarrollo de Producto, <\/i>Fabricaci\u00f3n Virtual, Simulaci\u00f3n por Eventos Discretos, Selecci\u00f3n de Materiales y Procesos de Fabricaci\u00f3n, Planificaci\u00f3n de Procesos de Fabricaci\u00f3n, Fabricaci\u00f3n Asistida por Ordenador, Simulaci\u00f3n de Procesos de Moldeo, <em>Simulaci\u00f3n de Procesos de Deformaci\u00f3n Pl\u00e1stica<\/em><\/em>, <em><em>Simulaci\u00f3n de Procesos de<\/em> Mecanizado, Estimaci\u00f3n de Costes<br><\/em>4 cr\u00e9ditos ECTS (150 horas)<br><strong><span class=\"has-inline-color has-black-color\">Departamento de Ingenier\u00eda Mec\u00e1nica y Materiales<\/span><\/strong><\/p>\n\n\n\n<p><strong>CAD y Normalizaci\u00f3n<\/strong> <br>Palabras Clave:<br><em><i>Dise\u00f1o de Producto, <\/i>Intercambio de Datos, Especificaci\u00f3n Geom\u00e9trica del Producto, An\u00e1lisis y Distribuci\u00f3n de Tolerancias<br><\/em>4 cr\u00e9ditos ECTS (150 horas)<br><strong><span class=\"has-inline-color has-black-color\">Departamento de Ingenier\u00eda Mec\u00e1nica y Materiales<\/span><\/strong><\/p>\n\n\n\n<h3 class=\"wp-block-heading\"><a href=\"http:\/\/www.upv.es\/titulaciones\/MUDFIAC\/indexc.html\" target=\"_blank\" rel=\"noreferrer noopener\">M\u00e1ster Universitario en Dise\u00f1o y Fabricaci\u00f3n Integrada Asistidos por Computadora<\/a><\/h3>\n\n\n\n<p><strong>Ciclo de Vida del Producto<\/strong> <br>Palabras Clave:<br><em>Gesti\u00f3n del Ciclo de Vida del Producto, Gesti\u00f3n del Proceso de Dise\u00f1o y Desarrollo de Producto, Herramientas PLM, Ingenier\u00eda Concurrente, Fabricaci\u00f3n Colaborativa, Desarrollo de Producto, Selecci\u00f3n de Materiales y Procesos de Fabricaci\u00f3n, Planificaci\u00f3n de Procesos de Fabricaci\u00f3n, Fabricaci\u00f3n Asistida por Ordenador, Fabricaci\u00f3n Virtual, Estimaci\u00f3n de Costes<br><\/em>5 cr\u00e9ditos ECTS (125 horas)<br><em>Grado en Ingenier\u00eda Mec\u00e1nica<br><\/em>Escuela T\u00e9cnica Superior de Ingenier\u00eda del Dise\u00f1o<\/p>\n\n\n\n<!--nextpage-->\n\n\n\n<h1 class=\"has-text-color wp-block-heading\" style=\"color:#227ec9\"><strong>Universitat Jaume I de Castell\u00f3n<\/strong><\/h1>\n\n\n\n<h2 class=\"wp-block-heading\"><strong>2015\/2016 Curso Acad\u00e9mico<\/strong><\/h2>\n\n\n\n<p><strong><a href=\"https:\/\/e-ujier.uji.es\/pls\/www\/gri_www.euji22883_html?p_curso_aca=2014&amp;p_asignatura_id=EM1039&amp;p_idioma=UK&amp;p_titulacion=222\" target=\"_blank\" rel=\"noreferrer noopener\">Manufacturing Process Planning<\/a>&nbsp;(Planificaci\u00f3n de Procesos de Fabricaci\u00f3n)<\/strong> <br>Palabras Clave:<br><em>Desarrollo de Producto, An\u00e1lisis de Tolerancias, Selecci\u00f3n de Materiales y Procesos de Fabricaci\u00f3n, Planificaci\u00f3n de Procesos de Fabricaci\u00f3n, Fabricaci\u00f3n Asistida por Ordenador, Fabricaci\u00f3n Virtual, Estimaci\u00f3n de Costes<br><\/em>6 cr\u00e9ditos ECTS (150 horas)<br><em>Grado en Ingenier\u00eda Mec\u00e1nica<br><\/em>Escuela Superior de Tecnolog\u00eda y Ciencias Experimentales<br>Universitat Jaume I<\/p>\n\n\n\n<p><strong>Desarrollo Colaborativo<\/strong><br>Palabras Clave: Gesti\u00f3n del Ciclo de Vida del Producto, Gesti\u00f3n del Proceso de Dise\u00f1o y Desarrollo de Producto, Herramientas PLM, Ingenier\u00eda Concurrente, Fabricaci\u00f3n Colaborativa<br>3 cr\u00e9ditos ECTS <br><em>M\u00e1ster Universitario en Dise\u00f1o y Fabricaci\u00f3n<br><\/em>Escuela Superior de Tecnolog\u00eda y Ciencias Experimentales<br>Universitat Jaume I (Castell\u00f3n)<\/p>\n\n\n\n<h2 class=\"wp-block-heading\"><strong>2014\/2015 Curso Acad\u00e9mico<\/strong><\/h2>\n\n\n\n<p><strong><a href=\"https:\/\/e-ujier.uji.es\/pls\/www\/gri_www.euji22883_html?p_curso_aca=2014&amp;p_asignatura_id=EM1039&amp;p_idioma=UK&amp;p_titulacion=222\" target=\"_blank\" rel=\"noreferrer noopener\">Manufacturing Process Planning<\/a>&nbsp;(Planificaci\u00f3n de Procesos de Fabricaci\u00f3n)<\/strong> <br>Palabras Clave:<br><em>Desarrollo de Producto, An\u00e1lisis de Tolerancias, Selecci\u00f3n de Materiales y Procesos de Fabricaci\u00f3n, Planificaci\u00f3n de Procesos de Fabricaci\u00f3n, Fabricaci\u00f3n Asistida por Ordenador, Fabricaci\u00f3n Virtual, Estimaci\u00f3n de Costes<br><\/em>6 cr\u00e9ditos ECTS (150 horas)<br><em>Grado en Ingenier\u00eda Mec\u00e1nica<br><\/em>Escuela Superior de Tecnolog\u00eda y Ciencias Experimentales<br>Universitat Jaume I<\/p>\n\n\n\n<p><strong>Desarrollo Colaborativo<\/strong><br>Palabras Clave: Gesti\u00f3n del Ciclo de Vida del Producto, Gesti\u00f3n del Proceso de Dise\u00f1o y Desarrollo de Producto, Herramientas PLM, Ingenier\u00eda Concurrente, Fabricaci\u00f3n Colaborativa<br>3 cr\u00e9ditos ECTS <br><em>M\u00e1ster Universitario en Dise\u00f1o y Fabricaci\u00f3n<br><\/em>Escuela Superior de Tecnolog\u00eda y Ciencias Experimentales<br>Universitat Jaume I (Castell\u00f3n)<\/p>\n\n\n\n<p><strong>Conformado de Materiales Met\u00e1licos<\/strong><br>Palabras Clave: <em>Desarrollo de Producto,&nbsp;Estimaci\u00f3n de Costes,&nbsp;Conformado de Metales&nbsp;por Moldeo,&nbsp;Conformado de Metales&nbsp;por Deformaci\u00f3n Pl\u00e1stica, Sinterizado,&nbsp;Planificaci\u00f3n de Procesos de Fabricaci\u00f3n<br><\/em>3 cr\u00e9ditos ECTS<br><em>M\u00e1ster Universitario en Dise\u00f1o y Fabricaci\u00f3n<br><\/em>Escuela Superior de Tecnolog\u00eda y Ciencias Experimentales<br>Universitat Jaume I (Castell\u00f3n)&nbsp;<\/p>\n\n\n\n<p><strong>Selecci\u00f3n de Materiales y Procesos<\/strong><br>Palabras Clave: <em>Desarrollo de Producto, Selecci\u00f3n de Materiales y Procesos de Fabricaci\u00f3n, Planificaci\u00f3n de Procesos de Fabricaci\u00f3n, Estimaci\u00f3n de Costes<br><\/em>3 cr\u00e9ditos ECTS<br><em>M\u00e1ster Universitario en Dise\u00f1o y Fabricaci\u00f3n<br><\/em>Escuela Superior de Tecnolog\u00eda y Ciencias Experimentales<br>Universitat Jaume I (Castell\u00f3n)&nbsp;<\/p>\n\n\n\n<p><strong>Dise\u00f1o para Fabricaci\u00f3n I.<\/strong><br>Palabras Clave: <em>Dise\u00f1o Industrial, Desarrollo de Producto, Metrolog\u00eda, Tecnolog\u00edas de Fabricaci\u00f3n, Dise\u00f1o para Fabricaci\u00f3n y ensamblaje<br><\/em>6 cr\u00e9ditos ECTS<br><em>Grado en Ingenier\u00eda de Dise\u00f1o Industrial y Desarrollo de Producto<br><\/em>Escuela Superior de Tecnolog\u00eda y Ciencias Experimentales<br>Universitat Jaume I (Castell\u00f3n)<\/p>\n\n\n\n<h2 class=\"wp-block-heading\"><strong><span class=\"has-inline-color has-vivid-cyan-blue-color\">Asignaturas Acad\u00e9micas Planes Antiguos<\/span><\/strong><\/h2>\n\n\n\n<p><strong>Tecnolog\u00eda de Fabricaci\u00f3n<\/strong><br><em>Ingenier\u00eda Industrial<\/em><br>Escuela Superior de Tecnolog\u00eda y Ciencias Experimentales<br>Universitat Jaume I (Castell\u00f3n)&nbsp;&nbsp;&nbsp;&nbsp;&nbsp;&nbsp;&nbsp;&nbsp;&nbsp;6 cr\u00e9ditos<br>4,5 Te\u00f3ricos<br>1,5 Laboratorio<\/p>\n\n\n\n<p><strong>Fabricaci\u00f3n Integrada<\/strong><br><em>Ingenier\u00eda Industrial<\/em><br>Escuela Superior de Tecnolog\u00eda y Ciencias Experimentales<br>Universitat Jaume I (Castell\u00f3n)&nbsp;&nbsp;&nbsp;&nbsp;&nbsp;&nbsp;&nbsp;&nbsp;&nbsp;6 cr\u00e9ditos<br>3 Te\u00f3ricos<br>3 Laboratorio<\/p>\n\n\n\n<p><strong>Fabricaci\u00f3n Asistida por Ordenador<\/strong><br><em>M\u00e1ster en Dise\u00f1o y Fabricaci\u00f3n<\/em><br>Escuela Superior de Tecnolog\u00eda y Ciencias Experimentales<br>Universitat Jaume I (Castell\u00f3n)&nbsp;&nbsp;&nbsp;&nbsp;&nbsp;&nbsp;&nbsp;&nbsp;&nbsp;3 cr\u00e9ditos ECTS<\/p>\n\n\n\n<p><strong>Fundamentos del Mantenimiento<\/strong><br><em>Ingenier\u00eda T\u00e9cnica Industrial<\/em><br>Escuela Superior de Tecnolog\u00eda y Ciencias Experimentales<br>Universitat Jaume I (Castell\u00f3n)&nbsp;&nbsp;&nbsp;&nbsp;&nbsp;&nbsp;&nbsp;&nbsp;&nbsp;6 cr\u00e9ditos<br>4,5 Te\u00f3ricos<br>1,5 Laboratorio<\/p>\n\n\n\n<p><strong>Tecnolog\u00eda Mec\u00e1nica<\/strong><br><em>Ingenier\u00eda Industrial<\/em><br>Escuela Superior de Tecnolog\u00eda y Ciencias Experimentales<br>Universitat Jaume I (Castell\u00f3n)&nbsp;&nbsp;&nbsp;&nbsp;&nbsp;&nbsp;&nbsp;&nbsp;&nbsp;6 cr\u00e9ditos<br>4,5 Te\u00f3ricos<br>1,5 Laboratorio<\/p>\n\n\n\n<p><strong>Fabricaci\u00f3n Asistida por Ordenador<\/strong><br><em>Ingenier\u00eda T\u00e9cnica en Dise\u00f1o Industrial<\/em><br>Escuela Superior de Tecnolog\u00eda y Ciencias Experimentales<br>Universitat Jaume I (Castell\u00f3n)&nbsp;&nbsp;&nbsp;&nbsp;&nbsp;&nbsp;&nbsp;&nbsp;&nbsp;4,5 cr\u00e9ditos<br>3 Te\u00f3ricos<br>1,5 Laboratorio<\/p>\n\n\n\n<p><strong>Mecanizaci\u00f3n de Procesos<\/strong><br><em>Ingenier\u00eda T\u00e9cnica en Dise\u00f1o Industrial<\/em><br>Escuela Superior de Tecnolog\u00eda y Ciencias Experimentales<br>Universitat Jaume I (Castell\u00f3n)&nbsp;&nbsp;&nbsp;&nbsp;&nbsp;&nbsp;&nbsp;&nbsp;&nbsp;4,5 cr\u00e9ditos<br>3 Te\u00f3ricos<br>1,5 Laboratorio<\/p>\n\n\n\n<p><strong>Procesos Industriales<\/strong><br><em>Ingenier\u00eda T\u00e9cnica en Dise\u00f1o Industrial<\/em><br>Escuela Superior de Tecnolog\u00eda y Ciencias Experimentales<br>Universitat Jaume I (Castell\u00f3n)&nbsp;&nbsp;&nbsp;&nbsp;&nbsp;&nbsp;&nbsp;&nbsp;&nbsp;5 cr\u00e9ditos<br>1 Te\u00f3ricos<br>4 Laboratorio<\/p>\n","protected":false},"excerpt":{"rendered":"<p>Universitat Polit\u00e8cnica de Valencia 2020\/2021 Curso Acad\u00e9mico M\u00e1ster Universitario en Ingenier\u00eda Industrial T\u00e9cnicas Avanzadas de Fabricaci\u00f3n Palabras Clave:Nuevas Tecnolog\u00edas de Fabricaci\u00f3n, Mecanizado Avanzado, Fabricaci\u00f3n Aditiva, T\u00e9cnicas especiales de Mecanizado (LASER, ultrasonidos, mecanizado qu\u00edmico), Fabricaci\u00f3n Asistida por Ordenador, Fabricaci\u00f3n Virtual, Estimaci\u00f3n de Costes4,5 cr\u00e9ditos ECTS (150 horas)Escuela T\u00e9cnica Superior de Ingenier\u00eda Industrial Grado&nbsp;Universitario en Ingenier\u00eda Aeroespacial &#8230; <a title=\"Docencia\" class=\"read-more\" href=\"https:\/\/carvipas.webs.upv.es\/index.php\/inicio\/docencia\/\" aria-label=\"Read more about Docencia\">Read more<\/a><\/p>\n","protected":false},"author":1,"featured_media":115,"parent":17,"menu_order":3,"comment_status":"closed","ping_status":"closed","template":"","meta":{"footnotes":""},"class_list":["post-30","page","type-page","status-publish","has-post-thumbnail"],"_links":{"self":[{"href":"https:\/\/carvipas.webs.upv.es\/index.php\/wp-json\/wp\/v2\/pages\/30","targetHints":{"allow":["GET"]}}],"collection":[{"href":"https:\/\/carvipas.webs.upv.es\/index.php\/wp-json\/wp\/v2\/pages"}],"about":[{"href":"https:\/\/carvipas.webs.upv.es\/index.php\/wp-json\/wp\/v2\/types\/page"}],"author":[{"embeddable":true,"href":"https:\/\/carvipas.webs.upv.es\/index.php\/wp-json\/wp\/v2\/users\/1"}],"replies":[{"embeddable":true,"href":"https:\/\/carvipas.webs.upv.es\/index.php\/wp-json\/wp\/v2\/comments?post=30"}],"version-history":[{"count":24,"href":"https:\/\/carvipas.webs.upv.es\/index.php\/wp-json\/wp\/v2\/pages\/30\/revisions"}],"predecessor-version":[{"id":299,"href":"https:\/\/carvipas.webs.upv.es\/index.php\/wp-json\/wp\/v2\/pages\/30\/revisions\/299"}],"up":[{"embeddable":true,"href":"https:\/\/carvipas.webs.upv.es\/index.php\/wp-json\/wp\/v2\/pages\/17"}],"wp:featuredmedia":[{"embeddable":true,"href":"https:\/\/carvipas.webs.upv.es\/index.php\/wp-json\/wp\/v2\/media\/115"}],"wp:attachment":[{"href":"https:\/\/carvipas.webs.upv.es\/index.php\/wp-json\/wp\/v2\/media?parent=30"}],"curies":[{"name":"wp","href":"https:\/\/api.w.org\/{rel}","templated":true}]}}