{"id":7,"date":"2019-07-28T06:48:48","date_gmt":"2019-07-28T06:48:48","guid":{"rendered":"https:\/\/carvipas.webs.upv.es\/?page_id=7"},"modified":"2020-08-30T08:27:31","modified_gmt":"2020-08-30T08:27:31","slug":"biografia","status":"publish","type":"page","link":"https:\/\/carvipas.webs.upv.es\/index.php\/inicio\/biografia\/","title":{"rendered":"Biograf\u00eda"},"content":{"rendered":"\n<h1 class=\"wp-block-heading\">Universitat Polit\u00e8cnica de Val\u00e8ncia<\/h1>\n\n\n\n<p>Doctor Ingeniero Industrial, se incorpora a la Universidad Polit\u00e9cnica de Valencia en septiembre de 2016 para potenciar el proyecto investigador y acad\u00e9mico en Ingenier\u00eda de Fabricaci\u00f3n despu\u00e9s tras una larga etapa profesional en la Universidad Jaume I de Castell\u00f3n.<\/p>\n\n\n\n<p>En el \u00e1mbito investigador se potencia la l\u00ednea de<strong> fabricaci\u00f3n sostenible<\/strong> y de mecanizado de altas prestaciones, as\u00ed como <strong>fabricaci\u00f3n virtual<\/strong> y su implantaci\u00f3n en entornos de Industria 5.0. Cabe destacar tambi\u00e9n la l\u00ednea de investigaci\u00f3n de implantaci\u00f3n de plataformas de <strong>Gesti\u00f3n del ciclo de vida del producto (PLM)<\/strong> Para potenciar los entornos de <strong>ingenier\u00eda colaborativa<\/strong>.<\/p>\n\n\n\n<p>En el \u00e1mbito acad\u00e9mico durante estos \u00faltimos a\u00f1os se est\u00e1 potenciado la implantaci\u00f3n de asignaturas de fabricaci\u00f3n en Ingenier\u00eda Aeroespacial, T\u00e9cnicas avanzadas de fabricaci\u00f3n, Simulaci\u00f3n de Procesos de Fabricaci\u00f3n y Normalizaci\u00f3n aplicada al dise\u00f1o geom\u00e9trico del producto.<\/p>\n\n\n\n<p>Uno de los proyectos m\u00e1s enriquecedores es la fabricaci\u00f3n de un avi\u00f3n experimental ultraligero, avi\u00f3n Zenit 701STOL, por parte de un equipo de alumnos con la expectativa de que en breve pueda estar volando como embajador de la Universidad Polit\u00e9cnica.<\/p>\n\n\n\n<p>Asimismo, estamos implicados en varios proyectos de investigaci\u00f3n de \u00e1mbito nacional e internacional de Dise\u00f1o y desarrollo de producto e ingenier\u00eda colaborativa utilizando sistemas PLM.<\/p>\n\n\n\n<hr class=\"wp-block-separator has-text-color has-background has-vivid-cyan-blue-background-color has-vivid-cyan-blue-color is-style-wide\"\/>\n\n\n\n<h1 class=\"wp-block-heading\">Universitat Jaume I<\/h1>\n\n\n\n<p class=\"has-text-align-left\">La experiencia adquirida en esta universidad Respecto de las actividades de gesti\u00f3n, inici\u00f3 la implantaci\u00f3n de las titulaciones de ingenier\u00eda en la universidad, la coordinaci\u00f3n de estancias en pr\u00e1cticas en empresas y ha sido miembro de distintas comisiones de titulaci\u00f3n en ingenier\u00edas, miembro de la comisi\u00f3n de evaluaci\u00f3n de la calidad docente en dise\u00f1o industrial y ha participado en proyectos de implantaci\u00f3n para la armonizaci\u00f3n europea y de docencia en ingl\u00e9s. En la actualidad es miembro de la junta de centro de la Escuela Superior de Tecnolog\u00eda y Ciencias Experimentales y del Consejo de Gobierno de la Universidad, as\u00ed como de diversas comisiones acad\u00e9micas. En cuanto a la gesti\u00f3n de recursos la investigaci\u00f3n, ha sido responsable de la implantaci\u00f3n de los laboratorios de dise\u00f1o y fabricaci\u00f3n y de la adquisici\u00f3n de equipamiento de alto valor tecnol\u00f3gico.<\/p>\n\n\n\n<p>En el \u00e1mbito acad\u00e9mico fue director del M\u00e1ster Universitario en Dise\u00f1o y Fabricaci\u00f3n. Como profesor del \u00e1rea de ingenier\u00eda de los Procesos de Fabricaci\u00f3n y ha implantado las asignaturas propias como:\u00a0<em>Tecnolog\u00eda Mec\u00e1nica, Fabricaci\u00f3n Integrada<\/em>,\u00a0<em>Dise\u00f1o y fabricaci\u00f3n asistidos por ordenador<\/em>,\u00a0<em>Conformado de materiales Met\u00e1licos<\/em>\u00a0y\u00a0<em>Desarrollo Colaborativo<\/em>, todas ellas en los \u00e1mbitos de las titulaciones de Ingenier\u00edas Industriales, Mec\u00e1nicas, Dise\u00f1o Industrial as\u00ed como en el M\u00e1ster. Participa activamente en los programas de doctorado del departamento y de otras universidades en las disciplinas de la ingenier\u00eda del producto y del proceso y ha dirigido dos tesis doctorales y una gran cantidad de proyectos finales de carrera de diverso alcance en la ingenier\u00eda industrial y en el dise\u00f1o industrial y de proyectos fin de m\u00e1ster de dise\u00f1o y fabricaci\u00f3n.<\/p>\n\n\n\n<p>Es miembro de la Sociedad de Ingenier\u00eda de Fabricaci\u00f3n y de la&nbsp;<em>Society of Manufacturing Engineers<\/em>&nbsp;americana. Posee amplia experiencia en el \u00e1mbito del dise\u00f1o industrial y de las tecnolog\u00edas de fabricaci\u00f3n que ha adquirido desde las perspectivas de la docencia y formaci\u00f3n de profesionales, desde la gesti\u00f3n del dise\u00f1o y desde la investigaci\u00f3n, innovaci\u00f3n y desarrollo de productos.<\/p>\n\n\n\n<p>Finalmente, en el \u00e1mbito de la investigaci\u00f3n, sus l\u00edneas principales nacen de su formaci\u00f3n propia combinada con su trayectoria personal y se dirigen hacia el dise\u00f1o y la fabricaci\u00f3n sostenible, que implica la gesti\u00f3n de un ciclo de vida de producto respetuoso con el medio ambiente con un dise\u00f1o y desarrollo de producto que incluya materiales reciclables y procesos de fabricaci\u00f3n sostenibles, es decir, optimizados desde la perspectiva de impacto ambiental y eficiencia energ\u00e9tica y considerando la reducci\u00f3n, la reutilizaci\u00f3n y el reciclaje. Adem\u00e1s, incluye la l\u00ednea de ingenier\u00eda concurrente y fabricaci\u00f3n colaborativa que implica la gesti\u00f3n global de operaciones en entornos distribuidos con herramientas de gesti\u00f3n del ciclo de vida del producto mediante trabajo en equipo multidisciplinar. Entre sus publicaciones se encuentran art\u00edculos en revistas de alto impacto (<em>Production Economics, Advanced Manufacturing Technology, Material and Design, Research in Engineering Design Computer Aided Engineer<\/em>) y varios libros y cap\u00edtulos de libros adem\u00e1s de comunicaciones a congresos.<\/p>\n","protected":false},"excerpt":{"rendered":"<p>Universitat Polit\u00e8cnica de Val\u00e8ncia Doctor Ingeniero Industrial, se incorpora a la Universidad Polit\u00e9cnica de Valencia en septiembre de 2016 para potenciar el proyecto investigador y acad\u00e9mico en Ingenier\u00eda de Fabricaci\u00f3n despu\u00e9s tras una larga etapa profesional en la Universidad Jaume I de Castell\u00f3n. En el \u00e1mbito investigador se potencia la l\u00ednea de fabricaci\u00f3n sostenible y &#8230; <a title=\"Biograf\u00eda\" class=\"read-more\" href=\"https:\/\/carvipas.webs.upv.es\/index.php\/inicio\/biografia\/\" aria-label=\"Read more about Biograf\u00eda\">Read more<\/a><\/p>\n","protected":false},"author":1,"featured_media":0,"parent":17,"menu_order":1,"comment_status":"closed","ping_status":"closed","template":"","meta":{"footnotes":""},"class_list":["post-7","page","type-page","status-publish"],"_links":{"self":[{"href":"https:\/\/carvipas.webs.upv.es\/index.php\/wp-json\/wp\/v2\/pages\/7","targetHints":{"allow":["GET"]}}],"collection":[{"href":"https:\/\/carvipas.webs.upv.es\/index.php\/wp-json\/wp\/v2\/pages"}],"about":[{"href":"https:\/\/carvipas.webs.upv.es\/index.php\/wp-json\/wp\/v2\/types\/page"}],"author":[{"embeddable":true,"href":"https:\/\/carvipas.webs.upv.es\/index.php\/wp-json\/wp\/v2\/users\/1"}],"replies":[{"embeddable":true,"href":"https:\/\/carvipas.webs.upv.es\/index.php\/wp-json\/wp\/v2\/comments?post=7"}],"version-history":[{"count":11,"href":"https:\/\/carvipas.webs.upv.es\/index.php\/wp-json\/wp\/v2\/pages\/7\/revisions"}],"predecessor-version":[{"id":391,"href":"https:\/\/carvipas.webs.upv.es\/index.php\/wp-json\/wp\/v2\/pages\/7\/revisions\/391"}],"up":[{"embeddable":true,"href":"https:\/\/carvipas.webs.upv.es\/index.php\/wp-json\/wp\/v2\/pages\/17"}],"wp:attachment":[{"href":"https:\/\/carvipas.webs.upv.es\/index.php\/wp-json\/wp\/v2\/media?parent=7"}],"curies":[{"name":"wp","href":"https:\/\/api.w.org\/{rel}","templated":true}]}}