{"id":70,"date":"2019-07-28T07:42:10","date_gmt":"2019-07-28T07:42:10","guid":{"rendered":"https:\/\/carvipas.webs.upv.es\/?page_id=70"},"modified":"2020-06-06T09:23:07","modified_gmt":"2020-06-06T09:23:07","slug":"gestion","status":"publish","type":"page","link":"https:\/\/carvipas.webs.upv.es\/index.php\/inicio\/gestion\/","title":{"rendered":"Gesti\u00f3n"},"content":{"rendered":"\n<p><strong>Gesti\u00f3n Acad\u00e9mica<\/strong><\/p>\n\n\n\n<p>Universidad Jaume I de Castell\u00f3n<\/p>\n\n\n\n<blockquote class=\"wp-block-quote is-layout-flow wp-block-quote-is-layout-flow\"><p><strong><a href=\"http:\/\/www.mdf.uji.es\/\" target=\"_blank\" rel=\"noreferrer noopener\">Director del M\u00e1ster Universitario de Dise\u00f1o y Fabricaci\u00f3n<\/a>&nbsp;<\/strong><\/p><p>M\u00e1ster Oficiales de Postgrado&nbsp;&nbsp; 18\/07\/2006 y continua<\/p><\/blockquote>\n\n\n\n<p>Universidad Jaume I de Castell\u00f3n<\/p>\n\n\n\n<blockquote class=\"wp-block-quote is-layout-flow wp-block-quote-is-layout-flow\"><p>Director de Departamento&nbsp;&nbsp;&nbsp;&nbsp;&nbsp;&nbsp;&nbsp; 22\/01\/2010 a 31\/01\/2014<\/p><p><a href=\"http:\/\/www.uji.es\/CA\/departaments\/esid\/\" target=\"_blank\" rel=\"noreferrer noopener\">Ingenier\u00eda de Sistemas Industriales y Dise\u00f1o<\/a><\/p><\/blockquote>\n\n\n\n<blockquote class=\"wp-block-quote is-layout-flow wp-block-quote-is-layout-flow\"><p>Director de Departamento&nbsp;&nbsp;&nbsp;&nbsp;&nbsp;&nbsp;&nbsp; 24\/01\/2006 a 21\/01\/2010<\/p><p><a href=\"http:\/\/www.uji.es\/CA\/departaments\/esid\/\" target=\"_blank\" rel=\"noreferrer noopener\">Ingenier\u00eda de Sistemas Industriales y Dise\u00f1o<\/a><\/p><\/blockquote>\n\n\n\n<blockquote class=\"wp-block-quote is-layout-flow wp-block-quote-is-layout-flow\"><p>Director de Departamento&nbsp;&nbsp;&nbsp;&nbsp;&nbsp;&nbsp;&nbsp; 22\/07\/2005 a 23\/01\/2006<\/p><\/blockquote>\n\n\n\n<p><a href=\"http:\/\/www.uji.es\/CA\/departaments\/esid\/\" target=\"_blank\" rel=\"noreferrer noopener\">Ingenier\u00eda de Sistemas Industriales y Dise\u00f1o<\/a><\/p>\n\n\n\n<p>Universidad Jaume I&nbsp;de Castell\u00f3n<\/p>\n\n\n\n<blockquote class=\"wp-block-quote is-layout-flow wp-block-quote-is-layout-flow\"><p>Vocal de la Comisi\u00f3n de Asuntos Econ\u00f3micos, Inform\u00e1ticos e Infraestructuras&nbsp;&nbsp;&nbsp;&nbsp; 21\/06\/2005&nbsp;&nbsp;&nbsp;&nbsp;&nbsp;&nbsp;&nbsp;&nbsp; y continua<\/p><\/blockquote>\n\n\n\n<blockquote class=\"wp-block-quote is-layout-flow wp-block-quote-is-layout-flow\"><p>Representante Comisi\u00f3n Interdepartamental de Titulaci\u00f3n&nbsp;&nbsp;&nbsp;&nbsp;&nbsp; 01\/10\/2007&nbsp;&nbsp;&nbsp;&nbsp;&nbsp;&nbsp;&nbsp;&nbsp; y continua<\/p><\/blockquote>\n\n\n\n<p>Universidad Jaume I de Castell\u00f3n<\/p>\n\n\n\n<blockquote class=\"wp-block-quote is-layout-flow wp-block-quote-is-layout-flow\"><p>Miembro del Consejo de Gobierno&nbsp;&nbsp;&nbsp;&nbsp; 01\/07\/2010&nbsp;&nbsp;&nbsp;&nbsp;&nbsp;&nbsp;&nbsp;&nbsp; a 28\/05\/2012<\/p><p>Miembro del Consejo de Gobierno&nbsp;&nbsp;&nbsp;&nbsp; 28\/05\/2012&nbsp;&nbsp;&nbsp;&nbsp;&nbsp;&nbsp;&nbsp;&nbsp; a 28\/05\/2012<\/p><p>Miembro del Consejo de Gobierno&nbsp;&nbsp;&nbsp;&nbsp; 15\/06\/2006&nbsp;&nbsp;&nbsp;&nbsp;&nbsp;&nbsp;&nbsp;&nbsp; a 30\/06\/2007<\/p><\/blockquote>\n\n\n\n<blockquote class=\"wp-block-quote is-layout-flow wp-block-quote-is-layout-flow\"><p>Miembro del Consejo de Gobierno&nbsp;&nbsp;&nbsp;&nbsp; 22\/07\/2005&nbsp;&nbsp;&nbsp;&nbsp;&nbsp;&nbsp;&nbsp;&nbsp; a 15\/03\/2006<\/p><\/blockquote>\n\n\n\n<p><strong>Otros Servicios<\/strong><\/p>\n\n\n\n<p>Universidad Jaume I de Castell\u00f3n<\/p>\n\n\n\n<blockquote class=\"wp-block-quote is-layout-flow wp-block-quote-is-layout-flow\"><p>Coordinador de acciones para el despliegue del plan estrat\u00e9gico&nbsp;&nbsp;&nbsp;&nbsp;&nbsp;&nbsp; 01\/03\/2014&nbsp;&nbsp;&nbsp;&nbsp;&nbsp;&nbsp;&nbsp;&nbsp; y continua<\/p><\/blockquote>\n\n\n\n<blockquote class=\"wp-block-quote is-layout-flow wp-block-quote-is-layout-flow\"><p>Coordinador de acciones para el despliegue del plan estrat\u00e9gico&nbsp;&nbsp;&nbsp;&nbsp;&nbsp;&nbsp; 01\/01\/2012&nbsp;&nbsp;&nbsp;&nbsp;&nbsp;&nbsp;&nbsp;&nbsp; a 31\/12\/2013<\/p><p>Coordinador de acciones para el despliegue del plan estrat\u00e9gico&nbsp;&nbsp;&nbsp;&nbsp;&nbsp;&nbsp; 01\/01\/2012&nbsp;&nbsp;&nbsp;&nbsp;&nbsp;&nbsp;&nbsp;&nbsp; a 31\/12\/2013<\/p><p>Coordinador de acciones para el despliegue del plan estrat\u00e9gico&nbsp;&nbsp;&nbsp;&nbsp;&nbsp;&nbsp; 01\/01\/2010&nbsp;&nbsp;&nbsp;&nbsp;&nbsp;&nbsp;&nbsp;&nbsp; a 31\/12\/2011<\/p><p>Vocal de la Comisi\u00f3n de Estudios y Profesorado&nbsp;&nbsp; 22\/09\/2005&nbsp;&nbsp;&nbsp;&nbsp;&nbsp;&nbsp;&nbsp;&nbsp; a 06\/06\/2007<\/p><p>Vocal Suplente&nbsp;&nbsp;&nbsp;&nbsp;&nbsp; 22\/05\/2005&nbsp;&nbsp;&nbsp;&nbsp;&nbsp;&nbsp;&nbsp;&nbsp; a 27\/01\/2010<\/p><p>Tutor de intercambio&nbsp;&nbsp;&nbsp;&nbsp;&nbsp; 01\/09\/2004&nbsp;&nbsp;&nbsp;&nbsp;&nbsp;&nbsp;&nbsp;&nbsp; a 31\/03\/2005<\/p><p>Director del proyecto Plan Estrat\u00e9gico&nbsp;&nbsp;&nbsp;&nbsp;&nbsp;&nbsp;&nbsp;&nbsp; 01\/10\/2002&nbsp;&nbsp;&nbsp;&nbsp;&nbsp;&nbsp;&nbsp;&nbsp; a 30\/06\/2003<\/p><p>Representante Comisi\u00f3n Interdepartamental de Titulaci\u00f3n&nbsp;&nbsp;&nbsp;&nbsp;&nbsp; 01\/02\/2001&nbsp;&nbsp;&nbsp;&nbsp;&nbsp;&nbsp;&nbsp;&nbsp; a 03\/11\/2005<\/p><p>Coordinador de estancias en pr\u00e1cticas&nbsp;&nbsp;&nbsp;&nbsp;&nbsp;&nbsp;&nbsp; 01\/12\/1994&nbsp;&nbsp;&nbsp;&nbsp;&nbsp;&nbsp;&nbsp;&nbsp; a 30\/09\/1995<\/p><\/blockquote>\n","protected":false},"excerpt":{"rendered":"<p>Gesti\u00f3n Acad\u00e9mica Universidad Jaume I de Castell\u00f3n Director del M\u00e1ster Universitario de Dise\u00f1o y Fabricaci\u00f3n&nbsp; M\u00e1ster Oficiales de Postgrado&nbsp;&nbsp; 18\/07\/2006 y continua Universidad Jaume I de Castell\u00f3n Director de Departamento&nbsp;&nbsp;&nbsp;&nbsp;&nbsp;&nbsp;&nbsp; 22\/01\/2010 a 31\/01\/2014 Ingenier\u00eda de Sistemas Industriales y Dise\u00f1o Director de Departamento&nbsp;&nbsp;&nbsp;&nbsp;&nbsp;&nbsp;&nbsp; 24\/01\/2006 a 21\/01\/2010 Ingenier\u00eda de Sistemas Industriales y Dise\u00f1o Director de Departamento&nbsp;&nbsp;&nbsp;&nbsp;&nbsp;&nbsp;&nbsp; 22\/07\/2005 &#8230; <a title=\"Gesti\u00f3n\" class=\"read-more\" href=\"https:\/\/carvipas.webs.upv.es\/index.php\/inicio\/gestion\/\" aria-label=\"Read more about Gesti\u00f3n\">Read more<\/a><\/p>\n","protected":false},"author":1,"featured_media":0,"parent":17,"menu_order":5,"comment_status":"closed","ping_status":"closed","template":"","meta":{"footnotes":""},"class_list":["post-70","page","type-page","status-publish"],"_links":{"self":[{"href":"https:\/\/carvipas.webs.upv.es\/index.php\/wp-json\/wp\/v2\/pages\/70","targetHints":{"allow":["GET"]}}],"collection":[{"href":"https:\/\/carvipas.webs.upv.es\/index.php\/wp-json\/wp\/v2\/pages"}],"about":[{"href":"https:\/\/carvipas.webs.upv.es\/index.php\/wp-json\/wp\/v2\/types\/page"}],"author":[{"embeddable":true,"href":"https:\/\/carvipas.webs.upv.es\/index.php\/wp-json\/wp\/v2\/users\/1"}],"replies":[{"embeddable":true,"href":"https:\/\/carvipas.webs.upv.es\/index.php\/wp-json\/wp\/v2\/comments?post=70"}],"version-history":[{"count":2,"href":"https:\/\/carvipas.webs.upv.es\/index.php\/wp-json\/wp\/v2\/pages\/70\/revisions"}],"predecessor-version":[{"id":228,"href":"https:\/\/carvipas.webs.upv.es\/index.php\/wp-json\/wp\/v2\/pages\/70\/revisions\/228"}],"up":[{"embeddable":true,"href":"https:\/\/carvipas.webs.upv.es\/index.php\/wp-json\/wp\/v2\/pages\/17"}],"wp:attachment":[{"href":"https:\/\/carvipas.webs.upv.es\/index.php\/wp-json\/wp\/v2\/media?parent=70"}],"curies":[{"name":"wp","href":"https:\/\/api.w.org\/{rel}","templated":true}]}}